{"id":7415,"date":"2020-09-17T04:03:11","date_gmt":"2020-09-17T04:03:11","guid":{"rendered":"https:\/\/proconsultancyuae.com\/company-setup-uae\/"},"modified":"2023-09-16T20:53:44","modified_gmt":"2023-09-16T20:53:44","slug":"company-setup-uae","status":"publish","type":"page","link":"https:\/\/proconsultancyuae.com\/es\/company-setup-uae\/","title":{"rendered":"Creaci\u00f3n de empresas en los EAU"},"content":{"rendered":"\t\t<div data-elementor-type=\"wp-page\" data-elementor-id=\"7415\" class=\"elementor elementor-7415 elementor-959\">\n\t\t\t\t\t\t<section class=\"elementor-section elementor-top-section elementor-element elementor-element-676c614 elementor-section-boxed elementor-section-height-default elementor-section-height-default\" data-id=\"676c614\" data-element_type=\"section\" data-e-type=\"section\">\n\t\t\t\t\t\t<div class=\"elementor-container elementor-column-gap-default\">\n\t\t\t\t\t<div class=\"elementor-column elementor-col-100 elementor-top-column elementor-element elementor-element-efb1736 ot-flex-column-vertical\" data-id=\"efb1736\" data-element_type=\"column\" data-e-type=\"column\">\n\t\t\t<div class=\"elementor-widget-wrap elementor-element-populated\">\n\t\t\t\t\t\t<div class=\"elementor-element elementor-element-cafb16e elementor-widget elementor-widget-iheading\" data-id=\"cafb16e\" data-element_type=\"widget\" data-e-type=\"widget\" data-widget_type=\"iheading.default\">\n\t\t\t\t<div class=\"elementor-widget-container\">\n\t\t\t\t\t\t\t<div class=\"ot-heading\">\r\n\t        <span class=\"is_highlight\">establecimiento fiable y seguro en los EAU<\/span>\t        <h1 class=\"main-head\">Creaci\u00f3n de empresas en los Emiratos \u00c1rabes Unidos<\/h1>\t    <\/div>\r\n\t    \t\t\t\t<\/div>\n\t\t\t\t<\/div>\n\t\t\t\t<section class=\"elementor-section elementor-inner-section elementor-element elementor-element-2af4454 elementor-section-boxed elementor-section-height-default elementor-section-height-default\" data-id=\"2af4454\" data-element_type=\"section\" data-e-type=\"section\">\n\t\t\t\t\t\t<div class=\"elementor-container elementor-column-gap-default\">\n\t\t\t\t\t<div class=\"elementor-column elementor-col-100 elementor-inner-column elementor-element elementor-element-0e3e359 ot-flex-column-vertical\" data-id=\"0e3e359\" data-element_type=\"column\" data-e-type=\"column\">\n\t\t\t<div class=\"elementor-widget-wrap elementor-element-populated\">\n\t\t\t\t\t\t<div class=\"elementor-element elementor-element-3b05a47 elementor-widget elementor-widget-text-editor\" data-id=\"3b05a47\" data-element_type=\"widget\" data-e-type=\"widget\" data-widget_type=\"text-editor.default\">\n\t\t\t\t<div class=\"elementor-widget-container\">\n\t\t\t\t\t\t\t\t\t<p>Los Emiratos \u00c1rabes Unidos presentan un mercado en constante evoluci\u00f3n en una econom\u00eda emergente, pero establecerse en los EAU puede ser desalentador para las entidades extranjeras interesadas en establecer una presencia formal aqu\u00ed. Y si usted est\u00e1 cuestionando la sabidur\u00eda de su elecci\u00f3n, no se preocupe &#8211; <a href=\"https:\/\/proconsultancyuae.com\/es\">Pravo Management Consultancy<\/a> puede responder a todas sus preguntas con la orientaci\u00f3n de expertos y un servicio personalizado.<\/p><p>Pravo Management Consultancy es un proveedor de servicios de creaci\u00f3n de empresas de primer nivel en los EAU. Nuestro equipo de expertos en Pravo se dedica a guiarle y apoyarle en cada etapa de la creaci\u00f3n de su negocio de ensue\u00f1o en los EAU. Estamos comprometidos a ayudarle a superar cualquier obst\u00e1culo y mantenerse enfocado en sus objetivos, lo que le permite convertir su visi\u00f3n en una realidad con facilidad.<\/p><p>En Pravo Management Consultancy, nos dedicamos a facilitar los procesos de registro de empresas en los EAU, as\u00ed como a ayudar con la documentaci\u00f3n gubernamental pertinente. Adem\u00e1s, tambi\u00e9n ofrecemos una asesor\u00eda personalizada excepcional, \u00a1totalmente gratuita!<\/p><p>Nuestro equipo de expertos est\u00e1 a su disposici\u00f3n, con un asesoramiento en profundidad sobre todos los aspectos de la formaci\u00f3n de la empresa, el registro y los reglamentos asociados dentro de los EAU.<\/p>\t\t\t\t\t\t\t\t<\/div>\n\t\t\t\t<\/div>\n\t\t\t\t\t<\/div>\n\t\t<\/div>\n\t\t\t\t\t<\/div>\n\t\t<\/section>\n\t\t\t\t\t<\/div>\n\t\t<\/div>\n\t\t\t\t\t<\/div>\n\t\t<\/section>\n\t\t\t\t<section class=\"elementor-section elementor-inner-section elementor-element elementor-element-25fdb408 elementor-section-boxed elementor-section-height-default elementor-section-height-default\" data-id=\"25fdb408\" data-element_type=\"section\" data-e-type=\"section\" data-settings=\"{&quot;background_background&quot;:&quot;classic&quot;}\">\n\t\t\t\t\t\t<div class=\"elementor-container elementor-column-gap-default\">\n\t\t\t\t\t<div class=\"elementor-column elementor-col-50 elementor-inner-column elementor-element elementor-element-79e6a270 ot-flex-column-vertical\" data-id=\"79e6a270\" data-element_type=\"column\" data-e-type=\"column\">\n\t\t\t<div class=\"elementor-widget-wrap elementor-element-populated\">\n\t\t\t\t\t\t<div class=\"elementor-element elementor-element-2e3b1291 section-baner elementor-widget elementor-widget-text-editor\" data-id=\"2e3b1291\" data-element_type=\"widget\" data-e-type=\"widget\" data-widget_type=\"text-editor.default\">\n\t\t\t\t<div class=\"elementor-widget-container\">\n\t\t\t\t\t\t\t\t\t<h3>Reserve una consulta hoy mismo y descubra c\u00f3mo podemos satisfacer sus necesidades de constituci\u00f3n de empresas.<\/h3>\t\t\t\t\t\t\t\t<\/div>\n\t\t\t\t<\/div>\n\t\t\t\t\t<\/div>\n\t\t<\/div>\n\t\t\t\t<div class=\"elementor-column elementor-col-50 elementor-inner-column elementor-element elementor-element-6c67c939 ot-column-items-center ot-flex-column-vertical\" data-id=\"6c67c939\" data-element_type=\"column\" data-e-type=\"column\">\n\t\t\t<div class=\"elementor-widget-wrap elementor-element-populated\">\n\t\t\t\t\t\t<div class=\"elementor-element elementor-element-3f0a7098 elementor-align-center elementor-mobile-align-center elementor-widget elementor-widget-ibutton\" data-id=\"3f0a7098\" data-element_type=\"widget\" data-e-type=\"widget\" data-widget_type=\"ibutton.default\">\n\t\t\t\t<div class=\"elementor-widget-container\">\n\t\t\t\t\t\t\t<div class=\"ot-button\">\r\n\t\t\t<a href=\"tel:+971 50 331 98 41\" class=\"octf-btn octf-btn-main\">Obtener consulta<\/a>\r\n\t    <\/div>\r\n\t    \t\t\t\t<\/div>\n\t\t\t\t<\/div>\n\t\t\t\t\t<\/div>\n\t\t<\/div>\n\t\t\t\t\t<\/div>\n\t\t<\/section>\n\t\t\t\t<section class=\"elementor-section elementor-top-section elementor-element elementor-element-947d679 elementor-section-boxed elementor-section-height-default elementor-section-height-default\" data-id=\"947d679\" data-element_type=\"section\" data-e-type=\"section\">\n\t\t\t\t\t\t<div class=\"elementor-container elementor-column-gap-default\">\n\t\t\t\t\t<div class=\"elementor-column elementor-col-100 elementor-top-column elementor-element elementor-element-9687785 ot-flex-column-vertical\" data-id=\"9687785\" data-element_type=\"column\" data-e-type=\"column\">\n\t\t\t<div class=\"elementor-widget-wrap elementor-element-populated\">\n\t\t\t\t\t\t<div class=\"elementor-element elementor-element-42da068 elementor-widget elementor-widget-iheading\" data-id=\"42da068\" data-element_type=\"widget\" data-e-type=\"widget\" data-widget_type=\"iheading.default\">\n\t\t\t\t<div class=\"elementor-widget-container\">\n\t\t\t\t\t\t\t<div class=\"ot-heading\">\r\n\t        \t        <h2 class=\"main-head\">Ubicaciones para la creaci\u00f3n de empresas en los EAU<\/h2>\t    <\/div>\r\n\t    \t\t\t\t<\/div>\n\t\t\t\t<\/div>\n\t\t\t\t<div class=\"elementor-element elementor-element-bacb47f elementor-widget elementor-widget-text-editor\" data-id=\"bacb47f\" data-element_type=\"widget\" data-e-type=\"widget\" data-widget_type=\"text-editor.default\">\n\t\t\t\t<div class=\"elementor-widget-container\">\n\t\t\t\t\t\t\t\t\t<p>Descubra lugares de primera clase en los EAU que ofrecen el comienzo perfecto para su viaje de negocios.<\/p>\t\t\t\t\t\t\t\t<\/div>\n\t\t\t\t<\/div>\n\t\t\t\t<section class=\"elementor-section elementor-inner-section elementor-element elementor-element-7b27695 elementor-section-boxed elementor-section-height-default elementor-section-height-default\" data-id=\"7b27695\" data-element_type=\"section\" data-e-type=\"section\">\n\t\t\t\t\t\t<div class=\"elementor-container elementor-column-gap-default\">\n\t\t\t\t\t<div class=\"elementor-column elementor-col-33 elementor-inner-column elementor-element elementor-element-3e3bb40 ot-flex-column-vertical\" data-id=\"3e3bb40\" data-element_type=\"column\" data-e-type=\"column\">\n\t\t\t<div class=\"elementor-widget-wrap elementor-element-populated\">\n\t\t\t\t\t\t<div class=\"elementor-element elementor-element-964cdda elementor-widget elementor-widget-iimage_box\" data-id=\"964cdda\" data-element_type=\"widget\" data-e-type=\"widget\" data-widget_type=\"iimage_box.default\">\n\t\t\t\t<div class=\"elementor-widget-container\">\n\t\t\t\t\t\r\n\t\t<div class=\"ot-image-box\">\r\n\t\t\t<a href=\"https:\/\/proconsultancyuae.com\/mainland-company-formation-uae\/\"><img fetchpriority=\"high\" decoding=\"async\" width=\"800\" height=\"533\" src=\"https:\/\/proconsultancyuae.com\/wp-content\/uploads\/2023\/06\/mainland-uae-dubai-company-formation.png\" class=\"attachment-full size-full wp-image-5739\" alt=\"\" srcset=\"https:\/\/proconsultancyuae.com\/wp-content\/uploads\/2023\/06\/mainland-uae-dubai-company-formation.png 800w, https:\/\/proconsultancyuae.com\/wp-content\/uploads\/2023\/06\/mainland-uae-dubai-company-formation-300x200.png 300w, https:\/\/proconsultancyuae.com\/wp-content\/uploads\/2023\/06\/mainland-uae-dubai-company-formation-768x512.png 768w, https:\/\/proconsultancyuae.com\/wp-content\/uploads\/2023\/06\/mainland-uae-dubai-company-formation-600x400.png 600w\" sizes=\"(max-width: 800px) 100vw, 800px\" \/><\/a>\t\t\t<div class=\"content-box\">\r\n\t\t\t\t<h3 class=\"title-box\"><a href=\"https:\/\/proconsultancyuae.com\/mainland-company-formation-uae\/\">Creaci\u00f3n de una empresa en los EAU continentales<\/a><\/h3>\t\t\t\t<p>Crear una empresa en Dubai continental o en cualquier otra jurisdicci\u00f3n continental de los EAU es una de las principales opciones para los empresarios. P\u00f3ngase en contacto con nuestros expertos hoy mismo para descubrir las ventajas del registro de empresas en los EAU continentales.<\/p>\t\t\t<\/div>\r\n\t\t\t<a href=\"https:\/\/proconsultancyuae.com\/mainland-company-formation-uae\/\" class=\"link-box font-second\"><span>M\u00e1s informaci\u00f3n<\/span><i class=\"ot-flaticon-trajectory\"><\/i><\/a>\t    <\/div>\r\n\r\n\t    \t\t\t\t<\/div>\n\t\t\t\t<\/div>\n\t\t\t\t\t<\/div>\n\t\t<\/div>\n\t\t\t\t<div class=\"elementor-column elementor-col-33 elementor-inner-column elementor-element elementor-element-677a2be ot-flex-column-vertical\" data-id=\"677a2be\" data-element_type=\"column\" data-e-type=\"column\">\n\t\t\t<div class=\"elementor-widget-wrap elementor-element-populated\">\n\t\t\t\t\t\t<div class=\"elementor-element elementor-element-34af26a elementor-widget elementor-widget-iimage_box\" data-id=\"34af26a\" data-element_type=\"widget\" data-e-type=\"widget\" data-widget_type=\"iimage_box.default\">\n\t\t\t\t<div class=\"elementor-widget-container\">\n\t\t\t\t\t\r\n\t\t<div class=\"ot-image-box\">\r\n\t\t\t<a href=\"\/free-zone-company-registration-uae\/\"><img decoding=\"async\" width=\"800\" height=\"532\" src=\"https:\/\/proconsultancyuae.com\/wp-content\/uploads\/2023\/06\/uae-freezone-company-formation.jpg\" class=\"attachment-full size-full wp-image-5742\" alt=\"\" srcset=\"https:\/\/proconsultancyuae.com\/wp-content\/uploads\/2023\/06\/uae-freezone-company-formation.jpg 800w, https:\/\/proconsultancyuae.com\/wp-content\/uploads\/2023\/06\/uae-freezone-company-formation-300x200.jpg 300w, https:\/\/proconsultancyuae.com\/wp-content\/uploads\/2023\/06\/uae-freezone-company-formation-768x511.jpg 768w, https:\/\/proconsultancyuae.com\/wp-content\/uploads\/2023\/06\/uae-freezone-company-formation-600x400.jpg 600w\" sizes=\"(max-width: 800px) 100vw, 800px\" \/><\/a>\t\t\t<div class=\"content-box\">\r\n\t\t\t\t<h3 class=\"title-box\"><a href=\"\/free-zone-company-registration-uae\/\">Creaci\u00f3n de empresas en la Zona Franca de los EAU<\/a><\/h3>\t\t\t\t<p>Ac 100% de propiedad es posible con la creaci\u00f3n de una empresa Freezone en los EAU, pero todav\u00eda hay limitaciones a tener en cuenta. Antes de decidir si la creaci\u00f3n de una zona franca en los EAU es adecuada para usted, es esencial que consulte con un especialista para asegurarse de que toma una decisi\u00f3n bien informada.<\/p>\t\t\t<\/div>\r\n\t\t\t<a href=\"\/free-zone-company-registration-uae\/\" class=\"link-box font-second\"><span>M\u00e1s informaci\u00f3n<\/span><i class=\"ot-flaticon-trajectory\"><\/i><\/a>\t    <\/div>\r\n\r\n\t    \t\t\t\t<\/div>\n\t\t\t\t<\/div>\n\t\t\t\t\t<\/div>\n\t\t<\/div>\n\t\t\t\t<div class=\"elementor-column elementor-col-33 elementor-inner-column elementor-element elementor-element-8d91445 ot-flex-column-vertical\" data-id=\"8d91445\" data-element_type=\"column\" data-e-type=\"column\">\n\t\t\t<div class=\"elementor-widget-wrap elementor-element-populated\">\n\t\t\t\t\t\t<div class=\"elementor-element elementor-element-34fbcaa elementor-widget elementor-widget-iimage_box\" data-id=\"34fbcaa\" data-element_type=\"widget\" data-e-type=\"widget\" data-widget_type=\"iimage_box.default\">\n\t\t\t\t<div class=\"elementor-widget-container\">\n\t\t\t\t\t\r\n\t\t<div class=\"ot-image-box\">\r\n\t\t\t<a href=\"\/offshore-company-openings-uae\/\"><img decoding=\"async\" width=\"1025\" height=\"675\" src=\"https:\/\/proconsultancyuae.com\/wp-content\/uploads\/2023\/06\/dubai-offshore-company-formation-1.jpg\" class=\"attachment-full size-full wp-image-5756\" alt=\"\" srcset=\"https:\/\/proconsultancyuae.com\/wp-content\/uploads\/2023\/06\/dubai-offshore-company-formation-1.jpg 1025w, https:\/\/proconsultancyuae.com\/wp-content\/uploads\/2023\/06\/dubai-offshore-company-formation-1-300x198.jpg 300w, https:\/\/proconsultancyuae.com\/wp-content\/uploads\/2023\/06\/dubai-offshore-company-formation-1-768x506.jpg 768w\" sizes=\"(max-width: 1025px) 100vw, 1025px\" \/><\/a>\t\t\t<div class=\"content-box\">\r\n\t\t\t\t<h3 class=\"title-box\"><a href=\"\/offshore-company-openings-uae\/\">Creaci\u00f3n de una sociedad offshore en los EAU<\/a><\/h3>\t\t\t\t<p>Constituir una sociedad puede ser una tarea complicada, pero con la constituci\u00f3n de una sociedad offshore en los EAU, puede ser r\u00e1pido y sencillo. Pravo simplifica a\u00fan m\u00e1s el proceso, permiti\u00e9ndole crear una sociedad offshore en los EAU sin tener que visitar el pa\u00eds.<\/p>\t\t\t<\/div>\r\n\t\t\t<a href=\"\/offshore-company-openings-uae\/\" class=\"link-box font-second\"><span>M\u00e1s informaci\u00f3n<\/span><i class=\"ot-flaticon-trajectory\"><\/i><\/a>\t    <\/div>\r\n\r\n\t    \t\t\t\t<\/div>\n\t\t\t\t<\/div>\n\t\t\t\t\t<\/div>\n\t\t<\/div>\n\t\t\t\t\t<\/div>\n\t\t<\/section>\n\t\t\t\t\t<\/div>\n\t\t<\/div>\n\t\t\t\t\t<\/div>\n\t\t<\/section>\n\t\t\t\t<section class=\"elementor-section elementor-top-section elementor-element elementor-element-8d51ca9 elementor-section-boxed elementor-section-height-default elementor-section-height-default\" data-id=\"8d51ca9\" data-element_type=\"section\" data-e-type=\"section\">\n\t\t\t\t\t\t<div class=\"elementor-container elementor-column-gap-default\">\n\t\t\t\t\t<div class=\"elementor-column elementor-col-100 elementor-top-column elementor-element elementor-element-1bb28da ot-flex-column-vertical\" data-id=\"1bb28da\" data-element_type=\"column\" data-e-type=\"column\">\n\t\t\t<div class=\"elementor-widget-wrap elementor-element-populated\">\n\t\t\t\t\t\t<div class=\"elementor-element elementor-element-e9bd26f elementor-widget elementor-widget-iheading\" data-id=\"e9bd26f\" data-element_type=\"widget\" data-e-type=\"widget\" data-widget_type=\"iheading.default\">\n\t\t\t\t<div class=\"elementor-widget-container\">\n\t\t\t\t\t\t\t<div class=\"ot-heading\">\r\n\t        \t        <h2 class=\"main-head\">Apertura, liquidaci\u00f3n y fusi\u00f3n de empresas en los EAU<\/h2>\t    <\/div>\r\n\t    \t\t\t\t<\/div>\n\t\t\t\t<\/div>\n\t\t\t\t<section class=\"elementor-section elementor-inner-section elementor-element elementor-element-1abfe9d elementor-section-boxed elementor-section-height-default elementor-section-height-default\" data-id=\"1abfe9d\" data-element_type=\"section\" data-e-type=\"section\">\n\t\t\t\t\t\t<div class=\"elementor-container elementor-column-gap-default\">\n\t\t\t\t\t<div class=\"elementor-column elementor-col-100 elementor-inner-column elementor-element elementor-element-b879709 ot-flex-column-vertical\" data-id=\"b879709\" data-element_type=\"column\" data-e-type=\"column\">\n\t\t\t<div class=\"elementor-widget-wrap elementor-element-populated\">\n\t\t\t\t\t\t<div class=\"elementor-element elementor-element-3110992 elementor-widget elementor-widget-text-editor\" data-id=\"3110992\" data-element_type=\"widget\" data-e-type=\"widget\" data-widget_type=\"text-editor.default\">\n\t\t\t\t<div class=\"elementor-widget-container\">\n\t\t\t\t\t\t\t\t\t<p>Abriremos una empresa por usted<\/p><p>El registro de una empresa tarda de 7 a 14 d\u00edas a partir de la fecha de presentaci\u00f3n de los documentos, y ofrece al inversor extranjero numerosas ventajas:<\/p><p>Hay diferentes tipos de empresas para el inversor para abrir en los EAU:<\/p><p>1. Licencias comerciales: cubren todo tipo de actividad comercial;<br \/>2. Licencias Profesionales &#8211; que cubren profesiones, servicios, artesanos y manualidades.<br \/>3. Licencias industriales: para establecer una actividad industrial o manufacturera.<\/p><p>Tipos de empresas en Dubai, que pueden ser interesantes para los inversores extranjeros:<br \/>1. SOCIEDAD DE RESPONSABILIDAD LIMITADA (LLC)<\/p><p>&#8211; Una sociedad de responsabilidad limitada puede estar formada por un m\u00ednimo de dos y un m\u00e1ximo de 50 personas cuya responsabilidad se limita a sus participaciones en el capital de la sociedad.<\/p><p>&#8211; No se exige un capital m\u00ednimo. Aunque la participaci\u00f3n del inversor extranjero en la sociedad debe ser del 49% y la del patrocinador local del 51%, puede prescribirse el reparto de beneficios y p\u00e9rdidas.<\/p><p>&#8211; La responsabilidad de la gesti\u00f3n de una sociedad de responsabilidad limitada puede recaer en los socios extranjeros o nacionales o en un tercero.<\/p><p>&#8211; El patrocinador local NO PUEDE participar en el equipo de gesti\u00f3n, sino que ser\u00e1 un accionista \u00abnominal\u00bb entre \u00e9l y el inversor extranjero. Existe un acuerdo mutuo entre el patrocinador y el inversor, en el que se declara que el patrocinador local no tiene derecho a los ingresos, la explotaci\u00f3n y la gesti\u00f3n de la empresa. No tendr\u00e1 el control de la empresa.<\/p><p>2. SUCURSALES Y OFICINAS DE REPRESENTACI\u00d3N DE EMPRESAS COMERCIALES Y PROFESIONALES EXTRANJERAS.<\/p><p>El inversor dispondr\u00e1 de visados para los empleados y de una cuenta bancaria corporativa.<br \/>El inversor deber\u00e1 obtener un permiso de la C\u00e1mara de Comercio de los EAU.<br \/>El inversor ostentar\u00e1 el 100% de la propiedad y el nacional de los EAU ser\u00e1 el agente local de una sucursal.<\/p><p>3. SUCURSAL DE UNA EMPRESA DE ZONA FRANCA.<\/p><p>Si un inversor tiene sus activos en territorio de zona franca, pero quiere trabajar para el mercado nacional, aqu\u00ed tiene una opci\u00f3n.<br \/>Puede obtener una licencia del Departamento de Desarrollo Econ\u00f3mico de Dubai para la mayor\u00eda de las actividades: comerciales, productivas y de servicios.<\/p><p>4. ESTABLECIMIENTO \u00daNICO-SERVICIOS PROFESIONALES.<\/p><p>Incluye el campo de la consultor\u00eda, la educaci\u00f3n, la medicina, etc. En este tipo de licencia, los ciudadanos de los EAU desempe\u00f1an funciones de agente, mientras que el inversor extranjero es propietario y gerente. Las sociedades profesionales en Dubai proporcionan a los inversores extranjeros el 100% de la propiedad y la gesti\u00f3n del negocio en los EAU.<\/p><p>5. SOCIEDAD CIVIL-SERVICIOS PROFESIONALES<\/p><p>La empresa civil es una empresa de Dubai, constituida como sociedad con dos o m\u00e1s socios como personas f\u00edsicas o jur\u00eddicas, para compartir servicios profesionales en el mercado nacional de Dubai y EAU.<br \/>Un ciudadano local de los EAU presta servicios en dichas empresas como agente local, represent\u00e1ndola. Puede tramitar visados de trabajo para residentes o la renovaci\u00f3n de la licencia.<br \/>El agente local no se involucra en las operaciones de la empresa ni en sus asuntos financieros. Tampoco asume ninguna responsabilidad por las actividades de la empresa.<\/p><p>6. ZONAS FRANCAS<\/p><p>Ventajas de registrar una empresa en Zonas Econ\u00f3micas Libres:<br \/>&#8211; 100% del rendimiento de las inversiones y entorno libre de impuestos;<br \/>&#8211; 100% de propiedad de la empresa. No se requiere patrocinador local;<br \/>&#8211; 100% de ausencia de derechos de importaci\u00f3n y exportaci\u00f3n;<br \/>&#8211; Visados de residencia y permisos de residencia para los fundadores y el personal de la empresa;<br \/>&#8211; Uso ilimitado de servicios bancarios (tarjetas de cr\u00e9dito, talonarios de cheques, efectivo sin intereses de fondos de cuentas corrientes, etc.).<\/p><p>7. Sociedades offshore<\/p><p>Una sociedad offshore es una entidad legal de negocios que se establece con la intenci\u00f3n de operar fuera de su jurisdicci\u00f3n registrada y\/o la ubicaci\u00f3n de su propiedad final.<br \/>El registro de una sociedad offshore en los EAU ofrece las siguientes ventajas:<\/p><p>&#8211; Un inversor no requiere la residencia en los EAU, as\u00ed como un patrocinador local. Tiene derecho a poseer el 100% de las acciones;<br \/>&#8211; Costes asequibles de servicios bancarios y transacciones;<br \/>&#8211; No hay impuesto sobre la renta;<br \/>&#8211; Sin auditor\u00eda anual;<br \/>&#8211; Posibilidad de comprar bienes inmuebles en los EAU (JAFZA offshore solamente);<br \/>&#8211; Sin l\u00edmites a la exportaci\u00f3n de capital y beneficios;<br \/>&#8211; Confidencialidad: los EAU no son miembros de la Organizaci\u00f3n para la Cooperaci\u00f3n y el Desarrollo Econ\u00f3mico, por lo que el gobierno no est\u00e1 obligado a intercambiar informaci\u00f3n con otros pa\u00edses. Los registros p\u00fablicos estatales no revelan ninguna informaci\u00f3n sobre los directores y accionistas de las empresas, ni siquiera en caso de investigaci\u00f3n oficial;<br \/>&#8211; Precio de registro razonable;<br \/>&#8211; No hay requisitos en cuanto al tama\u00f1o del capital social;<\/p>\t\t\t\t\t\t\t\t<\/div>\n\t\t\t\t<\/div>\n\t\t\t\t\t<\/div>\n\t\t<\/div>\n\t\t\t\t\t<\/div>\n\t\t<\/section>\n\t\t\t\t\t<\/div>\n\t\t<\/div>\n\t\t\t\t\t<\/div>\n\t\t<\/section>\n\t\t\t\t<section class=\"elementor-section elementor-top-section elementor-element elementor-element-d701907 elementor-section-content-middle elementor-section-boxed elementor-section-height-default elementor-section-height-default\" data-id=\"d701907\" data-element_type=\"section\" data-e-type=\"section\" data-settings=\"{&quot;background_background&quot;:&quot;classic&quot;}\">\n\t\t\t\t\t\t<div class=\"elementor-container elementor-column-gap-extended\">\n\t\t\t\t\t<div class=\"elementor-column elementor-col-66 elementor-top-column elementor-element elementor-element-b3a944d ot-flex-column-vertical\" data-id=\"b3a944d\" data-element_type=\"column\" data-e-type=\"column\">\n\t\t\t<div class=\"elementor-widget-wrap elementor-element-populated\">\n\t\t\t\t\t\t<div class=\"elementor-element elementor-element-4c35005 elementor-widget elementor-widget-heading\" data-id=\"4c35005\" data-element_type=\"widget\" data-e-type=\"widget\" data-widget_type=\"heading.default\">\n\t\t\t\t<div class=\"elementor-widget-container\">\n\t\t\t\t\t<h3 class=\"elementor-heading-title elementor-size-default\">\u00bfBusca un servicio de creaci\u00f3n de empresas de primera clase en los EAU para su negocio?<\/h3>\t\t\t\t<\/div>\n\t\t\t\t<\/div>\n\t\t\t\t\t<\/div>\n\t\t<\/div>\n\t\t\t\t<div class=\"elementor-column elementor-col-33 elementor-top-column elementor-element elementor-element-27d6af4 ot-flex-column-vertical\" data-id=\"27d6af4\" data-element_type=\"column\" data-e-type=\"column\">\n\t\t\t<div class=\"elementor-widget-wrap elementor-element-populated\">\n\t\t\t\t\t\t<div class=\"elementor-element elementor-element-12e765f elementor-align-center elementor-mobile-align-left elementor-widget elementor-widget-ibutton\" data-id=\"12e765f\" data-element_type=\"widget\" data-e-type=\"widget\" data-widget_type=\"ibutton.default\">\n\t\t\t\t<div class=\"elementor-widget-container\">\n\t\t\t\t\t\t\t<div class=\"ot-button\">\r\n\t\t\t<a href=\"tel:+971 50 331 98 41\" class=\"octf-btn octf-btn-main\">solicitar presupuesto<\/a>\r\n\t    <\/div>\r\n\t    \t\t\t\t<\/div>\n\t\t\t\t<\/div>\n\t\t\t\t\t<\/div>\n\t\t<\/div>\n\t\t\t\t\t<\/div>\n\t\t<\/section>\n\t\t\t\t<\/div>\n\t\t","protected":false},"excerpt":{"rendered":"<p>establecimiento fiable y seguro en los EAU Creaci\u00f3n de empresas en los Emiratos \u00c1rabes Unidos Los Emiratos \u00c1rabes Unidos presentan un mercado en constante evoluci\u00f3n en una econom\u00eda emergente, pero establecerse en los EAU puede ser desalentador para las entidades extranjeras interesadas en establecer una presencia formal aqu\u00ed. Y si usted est\u00e1 cuestionando la sabidur\u00eda [&hellip;]<\/p>\n","protected":false},"author":1,"featured_media":0,"parent":0,"menu_order":0,"comment_status":"closed","ping_status":"closed","template":"","meta":{"footnotes":""},"class_list":["post-7415","page","type-page","status-publish","hentry"],"_links":{"self":[{"href":"https:\/\/proconsultancyuae.com\/es\/wp-json\/wp\/v2\/pages\/7415","targetHints":{"allow":["GET"]}}],"collection":[{"href":"https:\/\/proconsultancyuae.com\/es\/wp-json\/wp\/v2\/pages"}],"about":[{"href":"https:\/\/proconsultancyuae.com\/es\/wp-json\/wp\/v2\/types\/page"}],"author":[{"embeddable":true,"href":"https:\/\/proconsultancyuae.com\/es\/wp-json\/wp\/v2\/users\/1"}],"replies":[{"embeddable":true,"href":"https:\/\/proconsultancyuae.com\/es\/wp-json\/wp\/v2\/comments?post=7415"}],"version-history":[{"count":5,"href":"https:\/\/proconsultancyuae.com\/es\/wp-json\/wp\/v2\/pages\/7415\/revisions"}],"predecessor-version":[{"id":7420,"href":"https:\/\/proconsultancyuae.com\/es\/wp-json\/wp\/v2\/pages\/7415\/revisions\/7420"}],"wp:attachment":[{"href":"https:\/\/proconsultancyuae.com\/es\/wp-json\/wp\/v2\/media?parent=7415"}],"curies":[{"name":"wp","href":"https:\/\/api.w.org\/{rel}","templated":true}]}}